{"id":275,"date":"2023-10-20T10:39:39","date_gmt":"2023-10-20T08:39:39","guid":{"rendered":"http:\/\/filardom.pl\/?page_id=275"},"modified":"2023-10-20T13:15:33","modified_gmt":"2023-10-20T11:15:33","slug":"odbior-odpadow","status":"publish","type":"page","link":"http:\/\/filardom.pl\/?page_id=275","title":{"rendered":"Odbi\u00f3r odpad\u00f3w"},"content":{"rendered":"\t\t<div data-elementor-type=\"wp-page\" data-elementor-id=\"275\" class=\"elementor elementor-275\" data-elementor-settings=\"[]\">\n\t\t\t\t\t\t<div class=\"elementor-inner\">\n\t\t\t\t\t\t\t<div class=\"elementor-section-wrap\">\n\t\t\t\t\t\t\t<section class=\"elementor-section elementor-top-section elementor-element elementor-element-284157b elementor-section-boxed elementor-section-height-default elementor-section-height-default\" data-id=\"284157b\" data-element_type=\"section\">\n\t\t\t\t\t\t<div class=\"elementor-container elementor-column-gap-default\">\n\t\t\t\t\t\t\t<div class=\"elementor-row\">\n\t\t\t\t\t<div class=\"elementor-column elementor-col-100 elementor-top-column elementor-element elementor-element-eeb295c\" data-id=\"eeb295c\" data-element_type=\"column\">\n\t\t\t<div class=\"elementor-column-wrap elementor-element-populated\">\n\t\t\t\t\t\t\t<div class=\"elementor-widget-wrap\">\n\t\t\t\t\t\t<div class=\"elementor-element elementor-element-b7a53ae elementor-widget elementor-widget-toggle\" data-id=\"b7a53ae\" data-element_type=\"widget\" data-widget_type=\"toggle.default\">\n\t\t\t\t<div class=\"elementor-widget-container\">\n\t\t\t\t\t<div class=\"elementor-toggle\" role=\"tablist\">\n\t\t\t\t\t\t\t<div class=\"elementor-toggle-item\">\n\t\t\t\t\t<div id=\"elementor-tab-title-1921\" class=\"elementor-tab-title\" data-tab=\"1\" role=\"tab\" aria-controls=\"elementor-tab-content-1921\" aria-expanded=\"false\">\n\t\t\t\t\t\t\t\t\t\t\t\t<span class=\"elementor-toggle-icon elementor-toggle-icon-left\" aria-hidden=\"true\">\n\t\t\t\t\t\t\t\t\t\t\t\t\t\t\t<span class=\"elementor-toggle-icon-closed\"><i class=\"fas fa-caret-right\"><\/i><\/span>\n\t\t\t\t\t\t\t\t<span class=\"elementor-toggle-icon-opened\"><i class=\"elementor-toggle-icon-opened fas fa-caret-up\"><\/i><\/span>\n\t\t\t\t\t\t\t\t\t\t\t\t\t<\/span>\n\t\t\t\t\t\t\t\t\t\t\t\t<a href=\"\" class=\"elementor-toggle-title\">Harmonogramy<\/a>\n\t\t\t\t\t<\/div>\n\t\t\t\t\t<div id=\"elementor-tab-content-1921\" class=\"elementor-tab-content elementor-clearfix\" data-tab=\"1\" role=\"tabpanel\" aria-labelledby=\"elementor-tab-title-1921\"><p><a href=\"https:\/\/ecoszczecin.pl\/harmonogramy\/\" target=\"_blank\" rel=\"noopener\">\u21d2 Harmonogramy odbioru odpad\u00f3w komunalnych<\/a>\u00a0<\/p><\/div>\n\t\t\t\t<\/div>\n\t\t\t\t\t\t\t<div class=\"elementor-toggle-item\">\n\t\t\t\t\t<div id=\"elementor-tab-title-1922\" class=\"elementor-tab-title\" data-tab=\"2\" role=\"tab\" aria-controls=\"elementor-tab-content-1922\" aria-expanded=\"false\">\n\t\t\t\t\t\t\t\t\t\t\t\t<span class=\"elementor-toggle-icon elementor-toggle-icon-left\" aria-hidden=\"true\">\n\t\t\t\t\t\t\t\t\t\t\t\t\t\t\t<span class=\"elementor-toggle-icon-closed\"><i class=\"fas fa-caret-right\"><\/i><\/span>\n\t\t\t\t\t\t\t\t<span class=\"elementor-toggle-icon-opened\"><i class=\"elementor-toggle-icon-opened fas fa-caret-up\"><\/i><\/span>\n\t\t\t\t\t\t\t\t\t\t\t\t\t<\/span>\n\t\t\t\t\t\t\t\t\t\t\t\t<a href=\"\" class=\"elementor-toggle-title\">Odpady wielkogabarytowe<\/a>\n\t\t\t\t\t<\/div>\n\t\t\t\t\t<div id=\"elementor-tab-content-1922\" class=\"elementor-tab-content elementor-clearfix\" data-tab=\"2\" role=\"tabpanel\" aria-labelledby=\"elementor-tab-title-1922\"><p><a href=\"https:\/\/ecoszczecin.pl\/aktualnosci\/Odpady-wielkogabarytowe--krotkie-przypomnienie_422\" target=\"_blank\" rel=\"noopener\">\u21d2 Co stanowi odpady wielkogabarytowe<\/a><\/p><\/div>\n\t\t\t\t<\/div>\n\t\t\t\t\t\t\t\t<\/div>\n\t\t\t\t<\/div>\n\t\t\t\t<\/div>\n\t\t\t\t\t\t<\/div>\n\t\t\t\t\t<\/div>\n\t\t<\/div>\n\t\t\t\t\t\t\t\t<\/div>\n\t\t\t\t\t<\/div>\n\t\t<\/section>\n\t\t\t\t\t\t<\/div>\n\t\t\t\t\t\t<\/div>\n\t\t\t\t\t<\/div>\n\t\t","protected":false},"excerpt":{"rendered":"<p>Harmonogramy \u21d2 Harmonogramy odbioru odpad\u00f3w komunalnych\u00a0 Odpady wielkogabarytowe \u21d2 Co stanowi odpady wielkogabarytowe<\/p>\n","protected":false},"author":1,"featured_media":0,"parent":0,"menu_order":0,"comment_status":"closed","ping_status":"closed","template":"","meta":[],"yoast_head":"<!-- This site is optimized with the Yoast SEO plugin v16.4 - https:\/\/yoast.com\/wordpress\/plugins\/seo\/ -->\n<title>Odbi\u00f3r odpad\u00f3w - Filar Dom Zarz\u0105dzanie Nieruchomo\u015bciami<\/title>\n<meta name=\"robots\" content=\"index, follow, max-snippet:-1, max-image-preview:large, max-video-preview:-1\" \/>\n<link rel=\"canonical\" href=\"http:\/\/filardom.pl\/?page_id=275\" \/>\n<meta property=\"og:locale\" content=\"en_US\" \/>\n<meta property=\"og:type\" content=\"article\" \/>\n<meta property=\"og:title\" content=\"Odbi\u00f3r odpad\u00f3w - Filar Dom Zarz\u0105dzanie Nieruchomo\u015bciami\" \/>\n<meta property=\"og:description\" content=\"Harmonogramy \u21d2 Harmonogramy odbioru odpad\u00f3w komunalnych\u00a0 Odpady wielkogabarytowe \u21d2 Co stanowi odpady wielkogabarytowe\" \/>\n<meta property=\"og:url\" content=\"http:\/\/filardom.pl\/?page_id=275\" \/>\n<meta property=\"og:site_name\" content=\"Filar Dom Zarz\u0105dzanie Nieruchomo\u015bciami\" \/>\n<meta property=\"article:modified_time\" content=\"2023-10-20T11:15:33+00:00\" \/>\n<meta name=\"twitter:card\" content=\"summary_large_image\" \/>\n<meta name=\"twitter:label1\" content=\"Est. reading time\" \/>\n\t<meta name=\"twitter:data1\" content=\"1 minute\" \/>\n<script type=\"application\/ld+json\" class=\"yoast-schema-graph\">{\"@context\":\"https:\/\/schema.org\",\"@graph\":[{\"@type\":\"WebSite\",\"@id\":\"http:\/\/filardom.pl\/#website\",\"url\":\"http:\/\/filardom.pl\/\",\"name\":\"Filar Dom Zarz\\u0105dzanie Nieruchomo\\u015bciami\",\"description\":\"\",\"potentialAction\":[{\"@type\":\"SearchAction\",\"target\":\"http:\/\/filardom.pl\/?s={search_term_string}\",\"query-input\":\"required name=search_term_string\"}],\"inLanguage\":\"en-US\"},{\"@type\":\"WebPage\",\"@id\":\"http:\/\/filardom.pl\/?page_id=275#webpage\",\"url\":\"http:\/\/filardom.pl\/?page_id=275\",\"name\":\"Odbi\\u00f3r odpad\\u00f3w - Filar Dom Zarz\\u0105dzanie Nieruchomo\\u015bciami\",\"isPartOf\":{\"@id\":\"http:\/\/filardom.pl\/#website\"},\"datePublished\":\"2023-10-20T08:39:39+00:00\",\"dateModified\":\"2023-10-20T11:15:33+00:00\",\"breadcrumb\":{\"@id\":\"http:\/\/filardom.pl\/?page_id=275#breadcrumb\"},\"inLanguage\":\"en-US\",\"potentialAction\":[{\"@type\":\"ReadAction\",\"target\":[\"http:\/\/filardom.pl\/?page_id=275\"]}]},{\"@type\":\"BreadcrumbList\",\"@id\":\"http:\/\/filardom.pl\/?page_id=275#breadcrumb\",\"itemListElement\":[{\"@type\":\"ListItem\",\"position\":1,\"item\":{\"@type\":\"WebPage\",\"@id\":\"http:\/\/filardom.pl\/\",\"url\":\"http:\/\/filardom.pl\/\",\"name\":\"Home\"}},{\"@type\":\"ListItem\",\"position\":2,\"item\":{\"@id\":\"http:\/\/filardom.pl\/?page_id=275#webpage\"}}]}]}<\/script>\n<!-- \/ Yoast SEO plugin. -->","_links":{"self":[{"href":"http:\/\/filardom.pl\/index.php?rest_route=\/wp\/v2\/pages\/275"}],"collection":[{"href":"http:\/\/filardom.pl\/index.php?rest_route=\/wp\/v2\/pages"}],"about":[{"href":"http:\/\/filardom.pl\/index.php?rest_route=\/wp\/v2\/types\/page"}],"author":[{"embeddable":true,"href":"http:\/\/filardom.pl\/index.php?rest_route=\/wp\/v2\/users\/1"}],"replies":[{"embeddable":true,"href":"http:\/\/filardom.pl\/index.php?rest_route=%2Fwp%2Fv2%2Fcomments&post=275"}],"version-history":[{"count":7,"href":"http:\/\/filardom.pl\/index.php?rest_route=\/wp\/v2\/pages\/275\/revisions"}],"predecessor-version":[{"id":284,"href":"http:\/\/filardom.pl\/index.php?rest_route=\/wp\/v2\/pages\/275\/revisions\/284"}],"wp:attachment":[{"href":"http:\/\/filardom.pl\/index.php?rest_route=%2Fwp%2Fv2%2Fmedia&parent=275"}],"curies":[{"name":"wp","href":"https:\/\/api.w.org\/{rel}","templated":true}]}}